{"id":31374,"date":"2025-04-29T14:42:06","date_gmt":"2025-04-29T12:42:06","guid":{"rendered":"https:\/\/realestatevalencia.es\/producto\/prenota-il-tuo-immobile-a-valencia\/"},"modified":"2025-04-29T14:42:06","modified_gmt":"2025-04-29T12:42:06","slug":"prenota-il-tuo-immobile-a-valencia","status":"publish","type":"product","link":"https:\/\/realestatevalencia.es\/it\/prodotto\/prenota-il-tuo-immobile-a-valencia\/","title":{"rendered":"Prenota il tuo immobile a Valencia"},"content":{"rendered":"<p>Prenotare un immobile a Valencia non \u00e8 mai stato cos\u00ec facile. Grazie a questo servizio esclusivo, puoi assicurarti la disponibilit\u00e0 della casa, dello spazio commerciale o della propriet\u00e0 che ti interessa mentre gestisci il tuo acquisto, affitto o trasferimento.<\/p>\n<p>La prenotazione garantisce che l&#8217;immobile verr\u00e0 temporaneamente bloccato, impedendo ad altri interessati di accedervi. Questo passaggio \u00e8 essenziale per procedere senza intoppi con la firma dei contratti, i finanziamenti o le procedure legali.<\/p>\n<p>Disponibile per immobili in tutta Valencia e nella Comunit\u00e0 Valenciana.<br \/>\nIdeale per chi ha bisogno di tempo per gestire i dettagli senza perdere le occasioni.<\/p>\n<p>Prenota oggi stesso e assicurati la propriet\u00e0 che stai cercando prima che sia disponibile.<\/p>\n","protected":false},"excerpt":{"rendered":"<p>Prenota online il tuo immobile a Valencia. Assicurare la disponibilit\u00e0 durante il completamento del processo di acquisto, noleggio o trasferimento.<\/p>\n","protected":false},"featured_media":31011,"template":"","meta":{"_monsterinsights_skip_tracking":false,"_monsterinsights_sitenote_active":false,"_monsterinsights_sitenote_note":"","_monsterinsights_sitenote_category":0},"product_brand":[],"product_cat":[242],"product_tag":[],"class_list":{"0":"post-31374","1":"product","2":"type-product","3":"status-publish","4":"has-post-thumbnail","6":"product_cat-prenotazione-it","8":"first","9":"instock","10":"purchasable","11":"product-type-simple"},"yoast_head":"<!-- This site is optimized with the Yoast SEO plugin v26.4 - https:\/\/yoast.com\/wordpress\/plugins\/seo\/ -->\n<title>Prenota un immobile a Valencia in modo sicuro e veloce<\/title>\n<meta name=\"description\" content=\"Prenota il tuo immobile ideale a Valencia in modo semplice e sicuro. Garantisci la disponibilit\u00e0 mentre gestisci il tuo acquisto o noleggio con noi.\" \/>\n<meta name=\"robots\" content=\"index, follow, max-snippet:-1, max-image-preview:large, max-video-preview:-1\" \/>\n<link rel=\"canonical\" href=\"https:\/\/realestatevalencia.es\/producto\/reservar-propiedad\/\" \/>\n<meta property=\"og:locale\" content=\"it_IT\" \/>\n<meta property=\"og:type\" content=\"article\" \/>\n<meta property=\"og:title\" content=\"Prenota un immobile a Valencia in modo sicuro e veloce\" \/>\n<meta property=\"og:description\" content=\"Prenota il tuo immobile ideale a Valencia in modo semplice e sicuro. Garantisci la disponibilit\u00e0 mentre gestisci il tuo acquisto o noleggio con noi.\" \/>\n<meta property=\"og:url\" content=\"https:\/\/realestatevalencia.es\/producto\/reservar-propiedad\/\" \/>\n<meta property=\"og:site_name\" content=\"Realestatevalencia\" \/>\n<meta property=\"og:image\" content=\"https:\/\/realestatevalencia.es\/wp-content\/uploads\/2025\/04\/Alquiler-de-propiedades-en-Valencia-RealStateValencia.webp\" \/>\n\t<meta property=\"og:image:width\" content=\"1080\" \/>\n\t<meta property=\"og:image:height\" content=\"1080\" \/>\n\t<meta property=\"og:image:type\" content=\"image\/webp\" \/>\n<meta name=\"twitter:card\" content=\"summary_large_image\" \/>\n<meta name=\"twitter:label1\" content=\"Tempo di lettura stimato\" \/>\n\t<meta name=\"twitter:data1\" content=\"1 minuto\" \/>\n<script type=\"application\/ld+json\" class=\"yoast-schema-graph\">{\"@context\":\"https:\/\/schema.org\",\"@graph\":[{\"@type\":\"WebPage\",\"@id\":\"https:\/\/realestatevalencia.es\/producto\/reservar-propiedad\/\",\"url\":\"https:\/\/realestatevalencia.es\/producto\/reservar-propiedad\/\",\"name\":\"Prenota un immobile a Valencia in modo sicuro e veloce\",\"isPartOf\":{\"@id\":\"https:\/\/realestatevalencia.es\/#website\"},\"primaryImageOfPage\":{\"@id\":\"https:\/\/realestatevalencia.es\/producto\/reservar-propiedad\/#primaryimage\"},\"image\":{\"@id\":\"https:\/\/realestatevalencia.es\/producto\/reservar-propiedad\/#primaryimage\"},\"thumbnailUrl\":\"https:\/\/realestatevalencia.es\/wp-content\/uploads\/2025\/04\/Alquiler-de-propiedades-en-Valencia-RealStateValencia.webp\",\"datePublished\":\"2025-04-29T12:42:06+00:00\",\"description\":\"Prenota il tuo immobile ideale a Valencia in modo semplice e sicuro. Garantisci la disponibilit\u00e0 mentre gestisci il tuo acquisto o noleggio con noi.\",\"breadcrumb\":{\"@id\":\"https:\/\/realestatevalencia.es\/producto\/reservar-propiedad\/#breadcrumb\"},\"inLanguage\":\"it-IT\",\"potentialAction\":[{\"@type\":\"ReadAction\",\"target\":[\"https:\/\/realestatevalencia.es\/producto\/reservar-propiedad\/\"]}]},{\"@type\":\"ImageObject\",\"inLanguage\":\"it-IT\",\"@id\":\"https:\/\/realestatevalencia.es\/producto\/reservar-propiedad\/#primaryimage\",\"url\":\"https:\/\/realestatevalencia.es\/wp-content\/uploads\/2025\/04\/Alquiler-de-propiedades-en-Valencia-RealStateValencia.webp\",\"contentUrl\":\"https:\/\/realestatevalencia.es\/wp-content\/uploads\/2025\/04\/Alquiler-de-propiedades-en-Valencia-RealStateValencia.webp\",\"width\":1080,\"height\":1080,\"caption\":\"Immobili in affitto a Valencia - RealStateValencia\"},{\"@type\":\"BreadcrumbList\",\"@id\":\"https:\/\/realestatevalencia.es\/producto\/reservar-propiedad\/#breadcrumb\",\"itemListElement\":[{\"@type\":\"ListItem\",\"position\":1,\"name\":\"Portada\",\"item\":\"https:\/\/realestatevalencia.es\/\"},{\"@type\":\"ListItem\",\"position\":2,\"name\":\"Prenota il tuo immobile a Valencia\"}]},{\"@type\":\"WebSite\",\"@id\":\"https:\/\/realestatevalencia.es\/#website\",\"url\":\"https:\/\/realestatevalencia.es\/\",\"name\":\"Realestatevalencia\",\"description\":\"Agencia inmobiliaria especializada en compra, venta, alquiler y traspaso de propiedades en Valencia y la Comunidad Valenciana.\",\"alternateName\":\"RealEstateValencia\",\"potentialAction\":[{\"@type\":\"SearchAction\",\"target\":{\"@type\":\"EntryPoint\",\"urlTemplate\":\"https:\/\/realestatevalencia.es\/?s={search_term_string}\"},\"query-input\":{\"@type\":\"PropertyValueSpecification\",\"valueRequired\":true,\"valueName\":\"search_term_string\"}}],\"inLanguage\":\"it-IT\"}]}<\/script>\n<!-- \/ Yoast SEO plugin. -->","yoast_head_json":{"title":"Prenota un immobile a Valencia in modo sicuro e veloce","description":"Prenota il tuo immobile ideale a Valencia in modo semplice e sicuro. Garantisci la disponibilit\u00e0 mentre gestisci il tuo acquisto o noleggio con noi.","robots":{"index":"index","follow":"follow","max-snippet":"max-snippet:-1","max-image-preview":"max-image-preview:large","max-video-preview":"max-video-preview:-1"},"canonical":"https:\/\/realestatevalencia.es\/producto\/reservar-propiedad\/","og_locale":"it_IT","og_type":"article","og_title":"Prenota un immobile a Valencia in modo sicuro e veloce","og_description":"Prenota il tuo immobile ideale a Valencia in modo semplice e sicuro. Garantisci la disponibilit\u00e0 mentre gestisci il tuo acquisto o noleggio con noi.","og_url":"https:\/\/realestatevalencia.es\/producto\/reservar-propiedad\/","og_site_name":"Realestatevalencia","og_image":[{"width":1080,"height":1080,"url":"https:\/\/realestatevalencia.es\/wp-content\/uploads\/2025\/04\/Alquiler-de-propiedades-en-Valencia-RealStateValencia.webp","type":"image\/webp"}],"twitter_card":"summary_large_image","twitter_misc":{"Tempo di lettura stimato":"1 minuto"},"schema":{"@context":"https:\/\/schema.org","@graph":[{"@type":"WebPage","@id":"https:\/\/realestatevalencia.es\/producto\/reservar-propiedad\/","url":"https:\/\/realestatevalencia.es\/producto\/reservar-propiedad\/","name":"Prenota un immobile a Valencia in modo sicuro e veloce","isPartOf":{"@id":"https:\/\/realestatevalencia.es\/#website"},"primaryImageOfPage":{"@id":"https:\/\/realestatevalencia.es\/producto\/reservar-propiedad\/#primaryimage"},"image":{"@id":"https:\/\/realestatevalencia.es\/producto\/reservar-propiedad\/#primaryimage"},"thumbnailUrl":"https:\/\/realestatevalencia.es\/wp-content\/uploads\/2025\/04\/Alquiler-de-propiedades-en-Valencia-RealStateValencia.webp","datePublished":"2025-04-29T12:42:06+00:00","description":"Prenota il tuo immobile ideale a Valencia in modo semplice e sicuro. Garantisci la disponibilit\u00e0 mentre gestisci il tuo acquisto o noleggio con noi.","breadcrumb":{"@id":"https:\/\/realestatevalencia.es\/producto\/reservar-propiedad\/#breadcrumb"},"inLanguage":"it-IT","potentialAction":[{"@type":"ReadAction","target":["https:\/\/realestatevalencia.es\/producto\/reservar-propiedad\/"]}]},{"@type":"ImageObject","inLanguage":"it-IT","@id":"https:\/\/realestatevalencia.es\/producto\/reservar-propiedad\/#primaryimage","url":"https:\/\/realestatevalencia.es\/wp-content\/uploads\/2025\/04\/Alquiler-de-propiedades-en-Valencia-RealStateValencia.webp","contentUrl":"https:\/\/realestatevalencia.es\/wp-content\/uploads\/2025\/04\/Alquiler-de-propiedades-en-Valencia-RealStateValencia.webp","width":1080,"height":1080,"caption":"Immobili in affitto a Valencia - RealStateValencia"},{"@type":"BreadcrumbList","@id":"https:\/\/realestatevalencia.es\/producto\/reservar-propiedad\/#breadcrumb","itemListElement":[{"@type":"ListItem","position":1,"name":"Portada","item":"https:\/\/realestatevalencia.es\/"},{"@type":"ListItem","position":2,"name":"Prenota il tuo immobile a Valencia"}]},{"@type":"WebSite","@id":"https:\/\/realestatevalencia.es\/#website","url":"https:\/\/realestatevalencia.es\/","name":"Realestatevalencia","description":"Agencia inmobiliaria especializada en compra, venta, alquiler y traspaso de propiedades en Valencia y la Comunidad Valenciana.","alternateName":"RealEstateValencia","potentialAction":[{"@type":"SearchAction","target":{"@type":"EntryPoint","urlTemplate":"https:\/\/realestatevalencia.es\/?s={search_term_string}"},"query-input":{"@type":"PropertyValueSpecification","valueRequired":true,"valueName":"search_term_string"}}],"inLanguage":"it-IT"}]}},"_links":{"self":[{"href":"https:\/\/realestatevalencia.es\/it\/wp-json\/wp\/v2\/product\/31374","targetHints":{"allow":["GET"]}}],"collection":[{"href":"https:\/\/realestatevalencia.es\/it\/wp-json\/wp\/v2\/product"}],"about":[{"href":"https:\/\/realestatevalencia.es\/it\/wp-json\/wp\/v2\/types\/product"}],"version-history":[{"count":0,"href":"https:\/\/realestatevalencia.es\/it\/wp-json\/wp\/v2\/product\/31374\/revisions"}],"wp:featuredmedia":[{"embeddable":true,"href":"https:\/\/realestatevalencia.es\/it\/wp-json\/wp\/v2\/media\/31011"}],"wp:attachment":[{"href":"https:\/\/realestatevalencia.es\/it\/wp-json\/wp\/v2\/media?parent=31374"}],"wp:term":[{"taxonomy":"product_brand","embeddable":true,"href":"https:\/\/realestatevalencia.es\/it\/wp-json\/wp\/v2\/product_brand?post=31374"},{"taxonomy":"product_cat","embeddable":true,"href":"https:\/\/realestatevalencia.es\/it\/wp-json\/wp\/v2\/product_cat?post=31374"},{"taxonomy":"product_tag","embeddable":true,"href":"https:\/\/realestatevalencia.es\/it\/wp-json\/wp\/v2\/product_tag?post=31374"}],"curies":[{"name":"wp","href":"https:\/\/api.w.org\/{rel}","templated":true}]}}