{"id":31990,"date":"2025-07-08T17:28:45","date_gmt":"2025-07-08T15:28:45","guid":{"rendered":"https:\/\/realestatevalencia.es\/dichiarazione-di-accessibilita\/"},"modified":"2025-07-08T17:37:36","modified_gmt":"2025-07-08T15:37:36","slug":"dichiarazione-di-accessibilita","status":"publish","type":"page","link":"https:\/\/realestatevalencia.es\/it\/dichiarazione-di-accessibilita\/","title":{"rendered":"Dichiarazione di Accessibilit\u00e0"},"content":{"rendered":"\t\t<div data-elementor-type=\"wp-page\" data-elementor-id=\"31990\" class=\"elementor elementor-31990 elementor-31974\" data-elementor-post-type=\"page\">\n\t\t\t\t<div class=\"elementor-element elementor-element-7cd8299 e-con-full e-flex e-con e-parent\" data-id=\"7cd8299\" data-element_type=\"container\">\n\t\t\t\t<div class=\"elementor-element elementor-element-7dafed2 elementor-widget elementor-widget-heading\" data-id=\"7dafed2\" data-element_type=\"widget\" data-widget_type=\"heading.default\">\n\t\t\t\t<div class=\"elementor-widget-container\">\n\t\t\t\t\t<h1 class=\"elementor-heading-title elementor-size-default\">Dichiarazione di Accessibilit\u00e0<\/h1>\t\t\t\t<\/div>\n\t\t\t\t<\/div>\n\t\t\t\t<div class=\"elementor-element elementor-element-698597f elementor-widget-divider--view-line elementor-widget elementor-widget-divider\" data-id=\"698597f\" data-element_type=\"widget\" data-widget_type=\"divider.default\">\n\t\t\t\t<div class=\"elementor-widget-container\">\n\t\t\t\t\t\t\t<div class=\"elementor-divider\">\n\t\t\t<span class=\"elementor-divider-separator\">\n\t\t\t\t\t\t<\/span>\n\t\t<\/div>\n\t\t\t\t\t\t<\/div>\n\t\t\t\t<\/div>\n\t\t\t\t<div class=\"elementor-element elementor-element-d0bcfda elementor-widget__width-initial elementor-widget elementor-widget-text-editor\" data-id=\"d0bcfda\" data-element_type=\"widget\" data-widget_type=\"text-editor.default\">\n\t\t\t\t<div class=\"elementor-widget-container\">\n\t\t\t\t\t\t\t\t\tIn<strong> Real Estate Valencia<\/strong>, ci impegniamo a rendere accessibile il sito web https:\/\/realestatevalencia.es in conformit\u00e0 con i principi di accessibilit\u00e0 e design universale stabiliti dalla normativa vigente, comprese le Linee guida per <strong>l&#8217;accessibilit\u00e0 dei contenuti Web (WCAG) 2.1, livello AA.<\/strong><br><br><strong><span style=\"font-size: 24pt;\">Stato di conformit\u00e0<\/span><\/strong><br><br>Questo sito web \u00e8 progettato per essere parzialmente conforme alle WCAG 2.1, livello AA. Il nostro obiettivo \u00e8 garantire che tutte le persone, indipendentemente dalle loro capacit\u00e0, possano navigare nel sito in modo chiaro, semplice ed efficace.<br><br>Stiamo lavorando continuamente per identificare eventuali aree di miglioramento e per adattare progressivamente i nostri contenuti e funzionalit\u00e0 agli standard pi\u00f9 elevati di accessibilit\u00e0 digitale.<br><br><strong><span style=\"font-size: 24pt;\">Misure adottate per migliorare l\u2019accessibilit\u00e0<\/span><\/strong><br><ul>\r\n \t<li>Design responsive, adattato a tutti i tipi di dispositivi.<\/li>\r\n \t<li>Contrasto adeguato tra testo e sfondo.<\/li>\r\n \t<li>Navigazione strutturata con intestazioni e menu comprensibili.<\/li>\r\n \t<li>Moduli di contatto accessibili.<\/li>\r\n \t<li>Collegamenti chiaramente identificabili.<\/li>\r\n \t<li>Uso progressivo di testi alternativi per le immagini informative.<\/li>\r\n<\/ul><br><strong><span style=\"font-size: 24pt;\">Osservazioni e contatti<\/span><\/strong><br><br>Se riscontri difficolt\u00e0 nell\u2019accesso ai contenuti del sito o desideri inviarci suggerimenti sull\u2019accessibilit\u00e0, puoi contattarci tramite:<br><ul>\r\n \t<li><strong>E-mail<\/strong>: info@realestatevalencia.es<\/li>\r\n \t<li><strong>Modulo di contatto<\/strong>: disponibile nella sezione Contatti<\/li>\r\n<\/ul><br>Ci impegniamo a rispondere alla tua richiesta o suggerimento il prima possibile.<br><br><strong><span style=\"font-size: 24pt;\">Data della presente dichiarazione<\/span><\/strong><br><br>La presente dichiarazione \u00e8 stata pubblicata nel luglio 2025 e sar\u00e0 rivista e aggiornata periodicamente.\t\t\t\t\t\t\t\t<\/div>\n\t\t\t\t<\/div>\n\t\t\t\t<\/div>\n\t\t\t\t<\/div>\n\t\t","protected":false},"excerpt":{"rendered":"<p>Dichiarazione di Accessibilit\u00e0 In Real Estate Valencia, ci impegniamo a rendere accessibile il sito web https:\/\/realestatevalencia.es in conformit\u00e0 con i principi di accessibilit\u00e0 e design universale stabiliti dalla normativa vigente, comprese le Linee guida per l&#8217;accessibilit\u00e0 dei contenuti Web (WCAG) 2.1, livello AA. Stato di conformit\u00e0 Questo sito web \u00e8 progettato per essere parzialmente conforme alle WCAG 2.1, livello AA. Il nostro obiettivo \u00e8 &#8230;<\/p>\n","protected":false},"author":1,"featured_media":0,"parent":0,"menu_order":0,"comment_status":"closed","ping_status":"closed","template":"elementor_header_footer","meta":{"_monsterinsights_skip_tracking":false,"_monsterinsights_sitenote_active":false,"_monsterinsights_sitenote_note":"","_monsterinsights_sitenote_category":0,"footnotes":""},"class_list":["post-31990","page","type-page","status-publish","hentry"],"yoast_head":"<!-- This site is optimized with the Yoast SEO plugin v26.4 - https:\/\/yoast.com\/wordpress\/plugins\/seo\/ -->\n<title>Dichiarazione di Accessibilit\u00e0 - Realestatevalencia<\/title>\n<meta name=\"robots\" content=\"noindex, follow\" \/>\n<meta property=\"og:locale\" content=\"it_IT\" \/>\n<meta property=\"og:type\" content=\"article\" \/>\n<meta property=\"og:title\" content=\"Dichiarazione di Accessibilit\u00e0 - Realestatevalencia\" \/>\n<meta property=\"og:description\" content=\"Dichiarazione di Accessibilit\u00e0 In Real Estate Valencia, ci impegniamo a rendere accessibile il sito web https:\/\/realestatevalencia.es in conformit\u00e0 con i principi di accessibilit\u00e0 e design universale stabiliti dalla normativa vigente, comprese le Linee guida per l&#8217;accessibilit\u00e0 dei contenuti Web (WCAG) 2.1, livello AA. Stato di conformit\u00e0 Questo sito web \u00e8 progettato per essere parzialmente conforme alle WCAG 2.1, livello AA. Il nostro obiettivo \u00e8 ...\" \/>\n<meta property=\"og:url\" content=\"https:\/\/realestatevalencia.es\/declaracion-de-accesibilidad\/\" \/>\n<meta property=\"og:site_name\" content=\"Realestatevalencia\" \/>\n<meta property=\"article:modified_time\" content=\"2025-07-08T15:37:36+00:00\" \/>\n<meta name=\"twitter:card\" content=\"summary_large_image\" \/>\n<meta name=\"twitter:label1\" content=\"Tempo di lettura stimato\" \/>\n\t<meta name=\"twitter:data1\" content=\"1 minuto\" \/>\n<script type=\"application\/ld+json\" class=\"yoast-schema-graph\">{\"@context\":\"https:\/\/schema.org\",\"@graph\":[{\"@type\":\"WebPage\",\"@id\":\"https:\/\/realestatevalencia.es\/declaracion-de-accesibilidad\/\",\"url\":\"https:\/\/realestatevalencia.es\/declaracion-de-accesibilidad\/\",\"name\":\"Dichiarazione di Accessibilit\u00e0 - Realestatevalencia\",\"isPartOf\":{\"@id\":\"https:\/\/realestatevalencia.es\/#website\"},\"datePublished\":\"2025-07-08T15:28:45+00:00\",\"dateModified\":\"2025-07-08T15:37:36+00:00\",\"breadcrumb\":{\"@id\":\"https:\/\/realestatevalencia.es\/declaracion-de-accesibilidad\/#breadcrumb\"},\"inLanguage\":\"it-IT\",\"potentialAction\":[{\"@type\":\"ReadAction\",\"target\":[\"https:\/\/realestatevalencia.es\/declaracion-de-accesibilidad\/\"]}]},{\"@type\":\"BreadcrumbList\",\"@id\":\"https:\/\/realestatevalencia.es\/declaracion-de-accesibilidad\/#breadcrumb\",\"itemListElement\":[{\"@type\":\"ListItem\",\"position\":1,\"name\":\"Portada\",\"item\":\"https:\/\/realestatevalencia.es\/\"},{\"@type\":\"ListItem\",\"position\":2,\"name\":\"Dichiarazione di Accessibilit\u00e0\"}]},{\"@type\":\"WebSite\",\"@id\":\"https:\/\/realestatevalencia.es\/#website\",\"url\":\"https:\/\/realestatevalencia.es\/\",\"name\":\"Realestatevalencia\",\"description\":\"Agencia inmobiliaria especializada en compra, venta, alquiler y traspaso de propiedades en Valencia y la Comunidad Valenciana.\",\"alternateName\":\"RealEstateValencia\",\"potentialAction\":[{\"@type\":\"SearchAction\",\"target\":{\"@type\":\"EntryPoint\",\"urlTemplate\":\"https:\/\/realestatevalencia.es\/?s={search_term_string}\"},\"query-input\":{\"@type\":\"PropertyValueSpecification\",\"valueRequired\":true,\"valueName\":\"search_term_string\"}}],\"inLanguage\":\"it-IT\"}]}<\/script>\n<!-- \/ Yoast SEO plugin. -->","yoast_head_json":{"title":"Dichiarazione di Accessibilit\u00e0 - Realestatevalencia","robots":{"index":"noindex","follow":"follow"},"og_locale":"it_IT","og_type":"article","og_title":"Dichiarazione di Accessibilit\u00e0 - Realestatevalencia","og_description":"Dichiarazione di Accessibilit\u00e0 In Real Estate Valencia, ci impegniamo a rendere accessibile il sito web https:\/\/realestatevalencia.es in conformit\u00e0 con i principi di accessibilit\u00e0 e design universale stabiliti dalla normativa vigente, comprese le Linee guida per l&#8217;accessibilit\u00e0 dei contenuti Web (WCAG) 2.1, livello AA. Stato di conformit\u00e0 Questo sito web \u00e8 progettato per essere parzialmente conforme alle WCAG 2.1, livello AA. Il nostro obiettivo \u00e8 ...","og_url":"https:\/\/realestatevalencia.es\/declaracion-de-accesibilidad\/","og_site_name":"Realestatevalencia","article_modified_time":"2025-07-08T15:37:36+00:00","twitter_card":"summary_large_image","twitter_misc":{"Tempo di lettura stimato":"1 minuto"},"schema":{"@context":"https:\/\/schema.org","@graph":[{"@type":"WebPage","@id":"https:\/\/realestatevalencia.es\/declaracion-de-accesibilidad\/","url":"https:\/\/realestatevalencia.es\/declaracion-de-accesibilidad\/","name":"Dichiarazione di Accessibilit\u00e0 - Realestatevalencia","isPartOf":{"@id":"https:\/\/realestatevalencia.es\/#website"},"datePublished":"2025-07-08T15:28:45+00:00","dateModified":"2025-07-08T15:37:36+00:00","breadcrumb":{"@id":"https:\/\/realestatevalencia.es\/declaracion-de-accesibilidad\/#breadcrumb"},"inLanguage":"it-IT","potentialAction":[{"@type":"ReadAction","target":["https:\/\/realestatevalencia.es\/declaracion-de-accesibilidad\/"]}]},{"@type":"BreadcrumbList","@id":"https:\/\/realestatevalencia.es\/declaracion-de-accesibilidad\/#breadcrumb","itemListElement":[{"@type":"ListItem","position":1,"name":"Portada","item":"https:\/\/realestatevalencia.es\/"},{"@type":"ListItem","position":2,"name":"Dichiarazione di Accessibilit\u00e0"}]},{"@type":"WebSite","@id":"https:\/\/realestatevalencia.es\/#website","url":"https:\/\/realestatevalencia.es\/","name":"Realestatevalencia","description":"Agencia inmobiliaria especializada en compra, venta, alquiler y traspaso de propiedades en Valencia y la Comunidad Valenciana.","alternateName":"RealEstateValencia","potentialAction":[{"@type":"SearchAction","target":{"@type":"EntryPoint","urlTemplate":"https:\/\/realestatevalencia.es\/?s={search_term_string}"},"query-input":{"@type":"PropertyValueSpecification","valueRequired":true,"valueName":"search_term_string"}}],"inLanguage":"it-IT"}]}},"_links":{"self":[{"href":"https:\/\/realestatevalencia.es\/it\/wp-json\/wp\/v2\/pages\/31990","targetHints":{"allow":["GET"]}}],"collection":[{"href":"https:\/\/realestatevalencia.es\/it\/wp-json\/wp\/v2\/pages"}],"about":[{"href":"https:\/\/realestatevalencia.es\/it\/wp-json\/wp\/v2\/types\/page"}],"author":[{"embeddable":true,"href":"https:\/\/realestatevalencia.es\/it\/wp-json\/wp\/v2\/users\/1"}],"replies":[{"embeddable":true,"href":"https:\/\/realestatevalencia.es\/it\/wp-json\/wp\/v2\/comments?post=31990"}],"version-history":[{"count":1,"href":"https:\/\/realestatevalencia.es\/it\/wp-json\/wp\/v2\/pages\/31990\/revisions"}],"predecessor-version":[{"id":31991,"href":"https:\/\/realestatevalencia.es\/it\/wp-json\/wp\/v2\/pages\/31990\/revisions\/31991"}],"wp:attachment":[{"href":"https:\/\/realestatevalencia.es\/it\/wp-json\/wp\/v2\/media?parent=31990"}],"curies":[{"name":"wp","href":"https:\/\/api.w.org\/{rel}","templated":true}]}}