{"id":31238,"date":"2023-12-04T16:44:17","date_gmt":"2023-12-04T15:44:17","guid":{"rendered":"https:\/\/realestatevalencia.es\/avviso-legale\/"},"modified":"2025-05-09T10:03:16","modified_gmt":"2025-05-09T08:03:16","slug":"avviso-legale","status":"publish","type":"page","link":"https:\/\/realestatevalencia.es\/it\/avviso-legale\/","title":{"rendered":"Avviso legale"},"content":{"rendered":"\t\t<div data-elementor-type=\"wp-page\" data-elementor-id=\"31238\" class=\"elementor elementor-31238 elementor-203\" data-elementor-post-type=\"page\">\n\t\t\t\t<div class=\"elementor-element elementor-element-7cd8299 e-con-full e-flex e-con e-parent\" data-id=\"7cd8299\" data-element_type=\"container\">\n\t\t\t\t<div class=\"elementor-element elementor-element-7dafed2 elementor-widget elementor-widget-heading\" data-id=\"7dafed2\" data-element_type=\"widget\" data-widget_type=\"heading.default\">\n\t\t\t\t<div class=\"elementor-widget-container\">\n\t\t\t\t\t<h1 class=\"elementor-heading-title elementor-size-default\">Avviso legale<\/h1>\t\t\t\t<\/div>\n\t\t\t\t<\/div>\n\t\t\t\t<div class=\"elementor-element elementor-element-698597f elementor-widget-divider--view-line elementor-widget elementor-widget-divider\" data-id=\"698597f\" data-element_type=\"widget\" data-widget_type=\"divider.default\">\n\t\t\t\t<div class=\"elementor-widget-container\">\n\t\t\t\t\t\t\t<div class=\"elementor-divider\">\n\t\t\t<span class=\"elementor-divider-separator\">\n\t\t\t\t\t\t<\/span>\n\t\t<\/div>\n\t\t\t\t\t\t<\/div>\n\t\t\t\t<\/div>\n\t\t\t\t<div class=\"elementor-element elementor-element-d0bcfda elementor-widget__width-initial elementor-widget elementor-widget-text-editor\" data-id=\"d0bcfda\" data-element_type=\"widget\" data-widget_type=\"text-editor.default\">\n\t\t\t\t<div class=\"elementor-widget-container\">\n\t\t\t\t\t\t\t\t\t<p>VALMAR LIVING SL, con CIF B21930243, indirizzo CALLE DOCTOR MANUEL CANDELA, 4, 46021 VALENCIA, non pu\u00f2 assumersi alcuna responsabilit\u00e0 derivante dall&#8217;uso scorretto, inappropriato o illecito delle informazioni presenti sulle pagine Internet di WWW.REALESTATEVALENCIA.ES<\/p>\n<p>Responsabilit\u00e0 per i link esterni:<\/p>\n<p>Le pagine Internet di WWW.REALESTATEVALENCIA.ES possono contenere link ad altri siti di terze parti. WWW.REALESTATEVALENCIA.ES non \u00e8 responsabile del contenuto di questi siti esterni n\u00e9 delle loro politiche sulla privacy e sui cookie. L&#8217;utente accede a proprio rischio e pericolo e deve leggere attentamente le condizioni d&#8217;uso dei siti collegati.<\/p>\n<p>Nei limiti stabiliti dalla legge, WWW.REALESTATEVALENCIA.ES non si assume alcuna responsabilit\u00e0 per la mancanza di veridicit\u00e0, integrit\u00e0, aggiornamento o accuratezza dei dati o delle informazioni contenute nei propri siti web.<\/p>\n<p>I contenuti e le informazioni non vincolano WWW.REALESTATEVALENCIA.ES n\u00e9 costituiscono opinioni, consigli o consulenze legali di alcun tipo, poich\u00e9 si tratta semplicemente di un servizio offerto a scopo informativo e didattico.<\/p>\n<p>Le pagine Internet di WWW.REALESTATEVALENCIA.ES possono contenere link ad altre pagine di terze parti che WWW.REALESTATEVALENCIA.ES non pu\u00f2 controllare. Pertanto, WWW.REALESTATEVALENCIA.ES non pu\u00f2 assumersi la responsabilit\u00e0 dei contenuti che potrebbero apparire nelle pagine di terze parti.<\/p>\n<p>Il testo, le immagini, i suoni, le animazioni, il software e gli altri contenuti presenti in questo sito web sono di propriet\u00e0 esclusiva di WWW.REALESTATEVALENCIA.ES o dei suoi licenziatari. Qualsiasi atto di trasmissione, distribuzione, cessione, riproduzione, memorizzazione o comunicazione pubblica, totale o parziale, dovr\u00e0 avere il consenso espresso di WWW.REALESTATEVALENCIA.ES.<\/p>\n<p>Allo stesso modo, per accedere ad alcuni dei servizi che WWW.REALESTATEVALENCIA.ES offre attraverso il sito web, \u00e8 necessario fornire alcuni dati personali. In ottemperanza a quanto disposto dalla Legge Organica 15\/1999, del 13 dicembre, sulla Protezione dei Dati Personali, la informiamo che, compilando questi moduli, i suoi dati personali saranno inseriti e trattati negli archivi di VALMAR LIVING SL allo scopo di prestare e offrire i nostri servizi, nonch\u00e9 per informarla sui miglioramenti del Sito Web. La informiamo inoltre della possibilit\u00e0 di esercitare gratuitamente i diritti di accesso, rettifica, cancellazione e opposizione dei suoi dati personali, scrivendo a INFO.REALESTATEVALENCIA@GMAIL.COM o presso CALLE DOCTOR MANUEL CANDELA, 4, 46021 VALENCIA.<\/p>\n\t\t\t\t\t\t\t\t<\/div>\n\t\t\t\t<\/div>\n\t\t\t\t<\/div>\n\t\t\t\t<\/div>\n\t\t","protected":false},"excerpt":{"rendered":"<p>Avviso legale VALMAR LIVING SL, con CIF B21930243, indirizzo CALLE DOCTOR MANUEL CANDELA, 4, 46021 VALENCIA, non pu\u00f2 assumersi alcuna responsabilit\u00e0 derivante dall&#8217;uso scorretto, inappropriato o illecito delle informazioni presenti sulle pagine Internet di WWW.REALESTATEVALENCIA.ES Responsabilit\u00e0 per i link esterni: Le pagine Internet di WWW.REALESTATEVALENCIA.ES possono contenere link ad altri siti di terze parti. WWW.REALESTATEVALENCIA.ES non \u00e8 responsabile del contenuto di questi siti esterni &#8230;<\/p>\n","protected":false},"author":1,"featured_media":0,"parent":0,"menu_order":0,"comment_status":"closed","ping_status":"closed","template":"elementor_header_footer","meta":{"_monsterinsights_skip_tracking":false,"_monsterinsights_sitenote_active":false,"_monsterinsights_sitenote_note":"","_monsterinsights_sitenote_category":0,"footnotes":""},"class_list":["post-31238","page","type-page","status-publish","hentry"],"yoast_head":"<!-- This site is optimized with the Yoast SEO plugin v26.4 - https:\/\/yoast.com\/wordpress\/plugins\/seo\/ -->\n<title>Avviso legale - Realestatevalencia<\/title>\n<meta name=\"robots\" content=\"noindex, follow\" \/>\n<meta property=\"og:locale\" content=\"it_IT\" \/>\n<meta property=\"og:type\" content=\"article\" \/>\n<meta property=\"og:title\" content=\"Avviso legale - Realestatevalencia\" \/>\n<meta property=\"og:description\" content=\"Avviso legale VALMAR LIVING SL, con CIF B21930243, indirizzo CALLE DOCTOR MANUEL CANDELA, 4, 46021 VALENCIA, non pu\u00f2 assumersi alcuna responsabilit\u00e0 derivante dall&#8217;uso scorretto, inappropriato o illecito delle informazioni presenti sulle pagine Internet di WWW.REALESTATEVALENCIA.ES Responsabilit\u00e0 per i link esterni: Le pagine Internet di WWW.REALESTATEVALENCIA.ES possono contenere link ad altri siti di terze parti. WWW.REALESTATEVALENCIA.ES non \u00e8 responsabile del contenuto di questi siti esterni ...\" \/>\n<meta property=\"og:url\" content=\"https:\/\/realestatevalencia.es\/aviso-legal\/\" \/>\n<meta property=\"og:site_name\" content=\"Realestatevalencia\" \/>\n<meta property=\"article:modified_time\" content=\"2025-05-09T08:03:16+00:00\" \/>\n<meta name=\"twitter:card\" content=\"summary_large_image\" \/>\n<meta name=\"twitter:label1\" content=\"Tempo di lettura stimato\" \/>\n\t<meta name=\"twitter:data1\" content=\"2 minuti\" \/>\n<script type=\"application\/ld+json\" class=\"yoast-schema-graph\">{\"@context\":\"https:\/\/schema.org\",\"@graph\":[{\"@type\":\"WebPage\",\"@id\":\"https:\/\/realestatevalencia.es\/aviso-legal\/\",\"url\":\"https:\/\/realestatevalencia.es\/aviso-legal\/\",\"name\":\"Avviso legale - Realestatevalencia\",\"isPartOf\":{\"@id\":\"https:\/\/realestatevalencia.es\/#website\"},\"datePublished\":\"2023-12-04T15:44:17+00:00\",\"dateModified\":\"2025-05-09T08:03:16+00:00\",\"breadcrumb\":{\"@id\":\"https:\/\/realestatevalencia.es\/aviso-legal\/#breadcrumb\"},\"inLanguage\":\"it-IT\",\"potentialAction\":[{\"@type\":\"ReadAction\",\"target\":[\"https:\/\/realestatevalencia.es\/aviso-legal\/\"]}]},{\"@type\":\"BreadcrumbList\",\"@id\":\"https:\/\/realestatevalencia.es\/aviso-legal\/#breadcrumb\",\"itemListElement\":[{\"@type\":\"ListItem\",\"position\":1,\"name\":\"Portada\",\"item\":\"https:\/\/realestatevalencia.es\/\"},{\"@type\":\"ListItem\",\"position\":2,\"name\":\"Avviso legale\"}]},{\"@type\":\"WebSite\",\"@id\":\"https:\/\/realestatevalencia.es\/#website\",\"url\":\"https:\/\/realestatevalencia.es\/\",\"name\":\"Realestatevalencia\",\"description\":\"Agencia inmobiliaria especializada en compra, venta, alquiler y traspaso de propiedades en Valencia y la Comunidad Valenciana.\",\"alternateName\":\"RealEstateValencia\",\"potentialAction\":[{\"@type\":\"SearchAction\",\"target\":{\"@type\":\"EntryPoint\",\"urlTemplate\":\"https:\/\/realestatevalencia.es\/?s={search_term_string}\"},\"query-input\":{\"@type\":\"PropertyValueSpecification\",\"valueRequired\":true,\"valueName\":\"search_term_string\"}}],\"inLanguage\":\"it-IT\"}]}<\/script>\n<!-- \/ Yoast SEO plugin. -->","yoast_head_json":{"title":"Avviso legale - Realestatevalencia","robots":{"index":"noindex","follow":"follow"},"og_locale":"it_IT","og_type":"article","og_title":"Avviso legale - Realestatevalencia","og_description":"Avviso legale VALMAR LIVING SL, con CIF B21930243, indirizzo CALLE DOCTOR MANUEL CANDELA, 4, 46021 VALENCIA, non pu\u00f2 assumersi alcuna responsabilit\u00e0 derivante dall&#8217;uso scorretto, inappropriato o illecito delle informazioni presenti sulle pagine Internet di WWW.REALESTATEVALENCIA.ES Responsabilit\u00e0 per i link esterni: Le pagine Internet di WWW.REALESTATEVALENCIA.ES possono contenere link ad altri siti di terze parti. WWW.REALESTATEVALENCIA.ES non \u00e8 responsabile del contenuto di questi siti esterni ...","og_url":"https:\/\/realestatevalencia.es\/aviso-legal\/","og_site_name":"Realestatevalencia","article_modified_time":"2025-05-09T08:03:16+00:00","twitter_card":"summary_large_image","twitter_misc":{"Tempo di lettura stimato":"2 minuti"},"schema":{"@context":"https:\/\/schema.org","@graph":[{"@type":"WebPage","@id":"https:\/\/realestatevalencia.es\/aviso-legal\/","url":"https:\/\/realestatevalencia.es\/aviso-legal\/","name":"Avviso legale - Realestatevalencia","isPartOf":{"@id":"https:\/\/realestatevalencia.es\/#website"},"datePublished":"2023-12-04T15:44:17+00:00","dateModified":"2025-05-09T08:03:16+00:00","breadcrumb":{"@id":"https:\/\/realestatevalencia.es\/aviso-legal\/#breadcrumb"},"inLanguage":"it-IT","potentialAction":[{"@type":"ReadAction","target":["https:\/\/realestatevalencia.es\/aviso-legal\/"]}]},{"@type":"BreadcrumbList","@id":"https:\/\/realestatevalencia.es\/aviso-legal\/#breadcrumb","itemListElement":[{"@type":"ListItem","position":1,"name":"Portada","item":"https:\/\/realestatevalencia.es\/"},{"@type":"ListItem","position":2,"name":"Avviso legale"}]},{"@type":"WebSite","@id":"https:\/\/realestatevalencia.es\/#website","url":"https:\/\/realestatevalencia.es\/","name":"Realestatevalencia","description":"Agencia inmobiliaria especializada en compra, venta, alquiler y traspaso de propiedades en Valencia y la Comunidad Valenciana.","alternateName":"RealEstateValencia","potentialAction":[{"@type":"SearchAction","target":{"@type":"EntryPoint","urlTemplate":"https:\/\/realestatevalencia.es\/?s={search_term_string}"},"query-input":{"@type":"PropertyValueSpecification","valueRequired":true,"valueName":"search_term_string"}}],"inLanguage":"it-IT"}]}},"_links":{"self":[{"href":"https:\/\/realestatevalencia.es\/it\/wp-json\/wp\/v2\/pages\/31238","targetHints":{"allow":["GET"]}}],"collection":[{"href":"https:\/\/realestatevalencia.es\/it\/wp-json\/wp\/v2\/pages"}],"about":[{"href":"https:\/\/realestatevalencia.es\/it\/wp-json\/wp\/v2\/types\/page"}],"author":[{"embeddable":true,"href":"https:\/\/realestatevalencia.es\/it\/wp-json\/wp\/v2\/users\/1"}],"replies":[{"embeddable":true,"href":"https:\/\/realestatevalencia.es\/it\/wp-json\/wp\/v2\/comments?post=31238"}],"version-history":[{"count":1,"href":"https:\/\/realestatevalencia.es\/it\/wp-json\/wp\/v2\/pages\/31238\/revisions"}],"predecessor-version":[{"id":31239,"href":"https:\/\/realestatevalencia.es\/it\/wp-json\/wp\/v2\/pages\/31238\/revisions\/31239"}],"wp:attachment":[{"href":"https:\/\/realestatevalencia.es\/it\/wp-json\/wp\/v2\/media?parent=31238"}],"curies":[{"name":"wp","href":"https:\/\/api.w.org\/{rel}","templated":true}]}}